{"id":442,"date":"2015-11-17T05:09:58","date_gmt":"2015-11-17T05:09:58","guid":{"rendered":"http:\/\/logistics.stylemixthemes.com\/\/?page_id=442"},"modified":"2025-08-07T11:25:08","modified_gmt":"2025-08-07T08:25:08","slug":"contacts","status":"publish","type":"page","link":"https:\/\/cakirlarkarot.com\/?page_id=442","title":{"rendered":"\u0130leti\u015fim"},"content":{"rendered":"<div class=\"wpb-content-wrapper\"><p>[vc_row css=&#8221;.vc_custom_1449207080478{margin-bottom: 60px !important;}&#8221;][vc_column width=&#8221;1\/2&#8243; offset=&#8221;vc_col-lg-4 vc_col-md-4&#8243; css=&#8221;.vc_custom_1449207085340{margin-bottom: 30px !important;}&#8221;][vc_column_text css=&#8221;&#8221;]<strong data-start=\"392\" data-end=\"430\">\u00c7ak\u0131rlar Karot ile \u0130leti\u015fime Ge\u00e7in<\/strong><br data-start=\"430\" data-end=\"433\" \/>Herhangi bir sorunuz varsa ya da projelerinizi nas\u0131l destekleyebilece\u011fimizi \u00f6\u011frenmek istiyorsan\u0131z, l\u00fctfen a\u015fa\u011f\u0131daki kategorilerden size en uygun olan\u0131 se\u00e7in ve k\u0131sa geri bildirim formumuzu doldurarak do\u011frudan bizimle ileti\u015fime ge\u00e7in.[\/vc_column_text][vc_row_inner][vc_column_inner][vc_media_grid element_width=&#8221;12&#8243; css=&#8221;&#8221; grid_id=&#8221;vc_gid:1754555099102-575687ea-f875-0&#8243; include=&#8221;1385&#8243;][\/vc_column_inner][\/vc_row_inner][\/vc_column][vc_column width=&#8221;1\/2&#8243; el_class=&#8221;secondary_bg_color&#8221;]\n<div class=\"wpcf7 no-js\" id=\"wpcf7-f1345-o1\" lang=\"tr-TR\" dir=\"ltr\" data-wpcf7-id=\"1345\">\n<div class=\"screen-reader-response\"><p role=\"status\" aria-live=\"polite\" aria-atomic=\"true\"><\/p> <ul><\/ul><\/div>\n<form action=\"\/index.php?rest_route=%2Fwp%2Fv2%2Fpages%2F442#wpcf7-f1345-o1\" method=\"post\" class=\"wpcf7-form init\" aria-label=\"\u0130leti\u015fim Formu\" novalidate=\"novalidate\" data-status=\"init\">\n<fieldset class=\"hidden-fields-container\"><input type=\"hidden\" name=\"_wpcf7\" value=\"1345\" \/><input type=\"hidden\" name=\"_wpcf7_version\" value=\"6.1.3\" \/><input type=\"hidden\" name=\"_wpcf7_locale\" value=\"tr_TR\" \/><input type=\"hidden\" name=\"_wpcf7_unit_tag\" value=\"wpcf7-f1345-o1\" \/><input type=\"hidden\" name=\"_wpcf7_container_post\" value=\"0\" \/><input type=\"hidden\" name=\"_wpcf7_posted_data_hash\" value=\"\" \/>\n<\/fieldset>\n<p><label><strong> Ad\u0131n\u0131z<\/strong><br \/>\n<span class=\"wpcf7-form-control-wrap\" data-name=\"your-name\"><input size=\"40\" maxlength=\"400\" class=\"wpcf7-form-control wpcf7-text wpcf7-validates-as-required\" autocomplete=\"name\" aria-required=\"true\" aria-invalid=\"false\" value=\"\" type=\"text\" name=\"your-name\" \/><\/span> <\/label>\n<\/p>\n<p><label><strong> E-posta adresiniz<\/strong><br \/>\n<span class=\"wpcf7-form-control-wrap\" data-name=\"your-email\"><input size=\"40\" maxlength=\"400\" class=\"wpcf7-form-control wpcf7-email wpcf7-validates-as-required wpcf7-text wpcf7-validates-as-email\" autocomplete=\"email\" aria-required=\"true\" aria-invalid=\"false\" value=\"\" type=\"email\" name=\"your-email\" \/><\/span> <\/label>\n<\/p>\n<p><label> <strong>Konu<\/strong><br \/>\n<span class=\"wpcf7-form-control-wrap\" data-name=\"your-subject\"><input size=\"40\" maxlength=\"400\" class=\"wpcf7-form-control wpcf7-text wpcf7-validates-as-required\" aria-required=\"true\" aria-invalid=\"false\" value=\"\" type=\"text\" name=\"your-subject\" \/><\/span> <\/label>\n<\/p>\n<p><label><strong> \u0130letiniz (tercihe ba\u011fl\u0131)<\/strong><br \/>\n<span class=\"wpcf7-form-control-wrap\" data-name=\"your-message\"><textarea cols=\"40\" rows=\"10\" maxlength=\"2000\" class=\"wpcf7-form-control wpcf7-textarea\" aria-invalid=\"false\" name=\"your-message\"><\/textarea><\/span> <\/label>\n<\/p>\n<p><input class=\"wpcf7-form-control wpcf7-submit has-spinner\" type=\"submit\" value=\"G\u00f6nder\" \/>\n<\/p><p style=\"display: none !important;\" class=\"akismet-fields-container\" data-prefix=\"_wpcf7_ak_\"><label>&#916;<textarea name=\"_wpcf7_ak_hp_textarea\" cols=\"45\" rows=\"8\" maxlength=\"100\"><\/textarea><\/label><input type=\"hidden\" id=\"ak_js_1\" name=\"_wpcf7_ak_js\" value=\"184\"\/><script>document.getElementById( \"ak_js_1\" ).setAttribute( \"value\", ( new Date() ).getTime() );<\/script><\/p><div class=\"wpcf7-response-output\" aria-hidden=\"true\"><\/div>\n<\/form>\n<\/div>\n[\/vc_column][\/vc_row]<\/p>\n<\/div>","protected":false},"excerpt":{"rendered":"<p>[vc_row css=&#8221;.vc_custom_1449207080478{margin-bottom: 60px !important;}&#8221;][vc_column width=&#8221;1\/2&#8243; offset=&#8221;vc_col-lg-4 vc_col-md-4&#8243; css=&#8221;.vc_custom_1449207085340{margin-bottom: 30px !important;}&#8221;][vc_column_text css=&#8221;&#8221;]\u00c7ak\u0131rlar Karot ile \u0130leti\u015fime Ge\u00e7inHerhangi bir sorunuz varsa ya da projelerinizi nas\u0131l destekleyebilece\u011fimizi \u00f6\u011frenmek istiyorsan\u0131z, l\u00fctfen a\u015fa\u011f\u0131daki kategorilerden size en uygun olan\u0131 se\u00e7in&#8230;<\/p>\n","protected":false},"author":1,"featured_media":0,"parent":0,"menu_order":0,"comment_status":"closed","ping_status":"closed","template":"","meta":{"googlesitekit_rrm_CAow3vTADA:productID":"","footnotes":""},"class_list":["post-442","page","type-page","status-publish","hentry"],"_links":{"self":[{"href":"https:\/\/cakirlarkarot.com\/index.php?rest_route=\/wp\/v2\/pages\/442","targetHints":{"allow":["GET"]}}],"collection":[{"href":"https:\/\/cakirlarkarot.com\/index.php?rest_route=\/wp\/v2\/pages"}],"about":[{"href":"https:\/\/cakirlarkarot.com\/index.php?rest_route=\/wp\/v2\/types\/page"}],"author":[{"embeddable":true,"href":"https:\/\/cakirlarkarot.com\/index.php?rest_route=\/wp\/v2\/users\/1"}],"replies":[{"embeddable":true,"href":"https:\/\/cakirlarkarot.com\/index.php?rest_route=%2Fwp%2Fv2%2Fcomments&post=442"}],"version-history":[{"count":19,"href":"https:\/\/cakirlarkarot.com\/index.php?rest_route=\/wp\/v2\/pages\/442\/revisions"}],"predecessor-version":[{"id":1494,"href":"https:\/\/cakirlarkarot.com\/index.php?rest_route=\/wp\/v2\/pages\/442\/revisions\/1494"}],"wp:attachment":[{"href":"https:\/\/cakirlarkarot.com\/index.php?rest_route=%2Fwp%2Fv2%2Fmedia&parent=442"}],"curies":[{"name":"wp","href":"https:\/\/api.w.org\/{rel}","templated":true}]}}