{"id":685,"date":"2015-11-24T07:42:31","date_gmt":"2015-11-24T07:42:31","guid":{"rendered":"http:\/\/logistics.stylemixthemes.com\/\/?page_id=685"},"modified":"2025-08-23T20:12:43","modified_gmt":"2025-08-23T17:12:43","slug":"services-grid","status":"publish","type":"page","link":"https:\/\/cakirlarkarot.com\/?page_id=685","title":{"rendered":"Hizmetlerimiz"},"content":{"rendered":"<div class=\"wpb-content-wrapper\"><p>[vc_row css=&#8221;.vc_custom_1449137312762{margin-bottom: 40px !important;}&#8221;][vc_column offset=&#8221;vc_col-lg-4 vc_col-md-4&#8243; css=&#8221;.vc_custom_1449137321169{margin-bottom: 40px !important;}&#8221;][vc_column_text css=&#8221;&#8221;]<\/p>\n<h2><strong data-start=\"93\" data-end=\"140\">Do\u011fru Fiyata \u00dcst D\u00fczey Kalite ve Performans<\/strong><\/h2>\n<p>[\/vc_column_text][\/vc_column][vc_column offset=&#8221;vc_col-lg-8 vc_col-md-8&#8243;][vc_column_text css=&#8221;&#8221;]<\/p>\n<p data-start=\"93\" data-end=\"428\">\u00c7ak\u0131rlar Korut, m\u00fc\u015fterilerine u\u00e7tan uca tedarik zinciri \u00e7\u00f6z\u00fcmlerinde d\u00fcnya standartlar\u0131nda hizmet sunan lider firmalardan biridir. K\u0131talararas\u0131 Hava ve Deniz Ta\u015f\u0131mac\u0131l\u0131\u011f\u0131\u2019n\u0131, kapsaml\u0131 Katma De\u011ferli Lojistik ve Tedarik Zinciri Hizmetleri ile entegre ederek kapsaml\u0131 \u00e7\u00f6z\u00fcmler sa\u011fl\u0131yoruz.<\/p>\n<p data-start=\"430\" data-end=\"593\">Tedarik zinciri ihtiya\u00e7lar\u0131n\u0131z; basit ta\u015f\u0131madan karma\u015f\u0131k operasyonlara kadar geni\u015f bir yelpazede, sekt\u00f6r\u00fcn\u00fcz\u00fcn \u00f6zel gereksinimlerine uygun olarak kar\u015f\u0131lanmaktad\u0131r.<\/p>\n<p data-start=\"595\" data-end=\"865\">Bilgi, malzeme ve finansal ak\u0131\u015f\u0131n her a\u015famas\u0131n\u0131 optimize ederek, i\u015f s\u00fcre\u00e7lerinizi daha verimli hale getiriyoruz. \u00c7ak\u0131rlar Korut olarak, m\u00fc\u015fterilerimizin tedarik zinciri y\u00f6netimi ihtiya\u00e7lar\u0131na y\u00f6nelik global \u00e7apta, tamamen entegre ve \u00f6zelle\u015ftirilmi\u015f \u00e7\u00f6z\u00fcmler sunmaktay\u0131z.<\/p>\n<p>[\/vc_column_text][\/vc_column][\/vc_row][vc_row css=&#8221;.vc_custom_1448358695952{margin-bottom: 40px !important;}&#8221;][vc_column parallax=&#8221;content-moving&#8221;][stm_services_grid posts_per_page=&#8221;15&#8243; posts_per_row=&#8221;3&#8243;][\/vc_column][\/vc_row]<\/p>\n<\/div>","protected":false},"excerpt":{"rendered":"<p>[vc_row css=&#8221;.vc_custom_1449137312762{margin-bottom: 40px !important;}&#8221;][vc_column offset=&#8221;vc_col-lg-4 vc_col-md-4&#8243; css=&#8221;.vc_custom_1449137321169{margin-bottom: 40px !important;}&#8221;][vc_column_text css=&#8221;&#8221;] Do\u011fru Fiyata \u00dcst D\u00fczey Kalite ve Performans [\/vc_column_text][\/vc_column][vc_column offset=&#8221;vc_col-lg-8 vc_col-md-8&#8243;][vc_column_text css=&#8221;&#8221;] \u00c7ak\u0131rlar Korut, m\u00fc\u015fterilerine u\u00e7tan uca tedarik zinciri \u00e7\u00f6z\u00fcmlerinde d\u00fcnya standartlar\u0131nda hizmet sunan&#8230;<\/p>\n","protected":false},"author":1,"featured_media":1390,"parent":0,"menu_order":0,"comment_status":"closed","ping_status":"closed","template":"","meta":{"googlesitekit_rrm_CAow3vTADA:productID":"","footnotes":""},"class_list":["post-685","page","type-page","status-publish","has-post-thumbnail","hentry"],"_links":{"self":[{"href":"https:\/\/cakirlarkarot.com\/index.php?rest_route=\/wp\/v2\/pages\/685","targetHints":{"allow":["GET"]}}],"collection":[{"href":"https:\/\/cakirlarkarot.com\/index.php?rest_route=\/wp\/v2\/pages"}],"about":[{"href":"https:\/\/cakirlarkarot.com\/index.php?rest_route=\/wp\/v2\/types\/page"}],"author":[{"embeddable":true,"href":"https:\/\/cakirlarkarot.com\/index.php?rest_route=\/wp\/v2\/users\/1"}],"replies":[{"embeddable":true,"href":"https:\/\/cakirlarkarot.com\/index.php?rest_route=%2Fwp%2Fv2%2Fcomments&post=685"}],"version-history":[{"count":4,"href":"https:\/\/cakirlarkarot.com\/index.php?rest_route=\/wp\/v2\/pages\/685\/revisions"}],"predecessor-version":[{"id":1503,"href":"https:\/\/cakirlarkarot.com\/index.php?rest_route=\/wp\/v2\/pages\/685\/revisions\/1503"}],"wp:featuredmedia":[{"embeddable":true,"href":"https:\/\/cakirlarkarot.com\/index.php?rest_route=\/wp\/v2\/media\/1390"}],"wp:attachment":[{"href":"https:\/\/cakirlarkarot.com\/index.php?rest_route=%2Fwp%2Fv2%2Fmedia&parent=685"}],"curies":[{"name":"wp","href":"https:\/\/api.w.org\/{rel}","templated":true}]}}